{"id":254,"date":"2024-09-03T20:16:59","date_gmt":"2024-09-03T18:16:59","guid":{"rendered":"https:\/\/alinebendjeriou.fr\/?page_id=254"},"modified":"2024-11-07T14:41:36","modified_gmt":"2024-11-07T13:41:36","slug":"a-propos","status":"publish","type":"page","link":"https:\/\/alinebendjeriou.fr\/index.php\/a-propos\/","title":{"rendered":"A propos"},"content":{"rendered":"\t\t<div data-elementor-type=\"wp-page\" data-elementor-id=\"254\" class=\"elementor elementor-254\">\n\t\t\t\t<div class=\"elementor-element elementor-element-1018406 animated-slow e-flex e-con-boxed wpr-particle-no wpr-jarallax-no wpr-parallax-no wpr-sticky-section-no elementor-invisible e-con e-parent\" data-id=\"1018406\" data-element_type=\"container\" data-settings=\"{&quot;animation&quot;:&quot;fadeInUp&quot;}\">\n\t\t\t\t\t<div class=\"e-con-inner\">\n\t\t\t\t<div class=\"elementor-element elementor-element-65ed2d9 elementor-widget elementor-widget-text-editor\" data-id=\"65ed2d9\" data-element_type=\"widget\" data-widget_type=\"text-editor.default\">\n\t\t\t\t<div class=\"elementor-widget-container\">\n\t\t\t\t\t\t\t\t\t<p>\u00a0<\/p>\n<p><strong><!-- \/wp:paragraph --><!-- wp:paragraph {\"align\":\"center\",\"style\":{\"elements\":{\"link\":{\"color\":{\"text\":\"var:preset|color|black\"}}}},\"backgroundColor\":\"pale-pink\",\"textColor\":\"black\"} --><\/strong><\/p>\n<p class=\"has-text-align-center has-black-color has-pale-pink-background-color has-text-color has-background has-link-color\"><strong>Bienvenue sur &#8220;Aline cr\u00e9ations visuelles&#8221;, un espace ou la cr\u00e9ativit\u00e9 prend vie et ou chaque projet est une aventure unique. Fond\u00e9e en Septembre 2024 par Aline BENDJERIOU, mon entreprise est n\u00e9e de la passion pour le design graphique et le d\u00e9sir de transformer des id\u00e9es en visuels captivants.<\/strong><\/p>\n<p><strong><!-- \/wp:paragraph --><!-- wp:paragraph {\"align\":\"center\",\"style\":{\"elements\":{\"link\":{\"color\":{\"text\":\"var:preset|color|black\"}}}},\"backgroundColor\":\"pale-pink\",\"textColor\":\"black\"} --><\/strong><\/p>\n<p class=\"has-text-align-center has-black-color has-pale-pink-background-color has-text-color has-background has-link-color\"><strong>Ce qui distingue Aline cr\u00e9ations visuelles, c&#8217;est mon approche personnalis\u00e9 et mon engagement envers l&#8217;excellence.<\/strong><\/p>\n<p><strong><!-- \/wp:paragraph --><!-- wp:paragraph {\"align\":\"center\",\"style\":{\"elements\":{\"link\":{\"color\":{\"text\":\"var:preset|color|black\"}}}},\"backgroundColor\":\"pale-pink\",\"textColor\":\"black\"} --><\/strong><\/p>\n<p class=\"has-text-align-center has-black-color has-pale-pink-background-color has-text-color has-background has-link-color\"><strong>Je crois fermement que chaque marque \u00e0 une histoire \u00e0 raconter, et ma mission est de traduire cette histoire en visuels percutants. Mon processus cr\u00e9atif est une fusion de recherches approfondie, d&#8217;innovations et d&#8217;une touche personnelle, garantissant que chaque projet est non seulement esth\u00e9tique mais aussi strat\u00e9gique.<\/strong><\/p>\n<p><strong><!-- \/wp:paragraph --><!-- wp:paragraph {\"align\":\"center\",\"style\":{\"elements\":{\"link\":{\"color\":{\"text\":\"var:preset|color|black\"}}}},\"backgroundColor\":\"pale-pink\",\"textColor\":\"black\"} --><\/strong><\/p>\n<p class=\"has-text-align-center has-black-color has-pale-pink-background-color has-text-color has-background has-link-color\"><strong>J&#8217;utilise des techniques de conception de pointe et reste \u00e0 l&#8217;aff\u00fbt des derni\u00e8res tendances tout en pr\u00e9servant une approche intemporelle qui assure la durabilit\u00e9 et l&#8217;impact de mes cr\u00e9ations.<\/strong><\/p>\t\t\t\t\t\t\t\t<\/div>\n\t\t\t\t<\/div>\n\t\t\t\t\t<\/div>\n\t\t\t\t<\/div>\n\t\t\t\t<\/div>\n\t\t","protected":false},"excerpt":{"rendered":"<p>\u00a0 Bienvenue sur &#8220;Aline cr\u00e9ations visuelles&#8221;, un espace ou la cr\u00e9ativit\u00e9 prend vie et ou chaque projet est une aventure unique. Fond\u00e9e en Septembre 2024 par Aline BENDJERIOU, mon entreprise est n\u00e9e de la passion pour le design graphique et le d\u00e9sir de transformer des id\u00e9es en visuels captivants. Ce qui distingue Aline cr\u00e9ations visuelles, c&#8217;est mon approche personnalis\u00e9 et mon engagement envers l&#8217;excellence. Je crois fermement que chaque marque \u00e0 une histoire \u00e0 raconter, et ma mission est de traduire cette histoire en visuels percutants. Mon processus cr\u00e9atif est une fusion de recherches approfondie, d&#8217;innovations et d&#8217;une touche personnelle, garantissant que chaque projet est non seulement esth\u00e9tique mais aussi strat\u00e9gique. J&#8217;utilise des techniques de conception de pointe et reste \u00e0 l&#8217;aff\u00fbt des derni\u00e8res tendances tout en pr\u00e9servant une approche intemporelle qui assure la durabilit\u00e9 et l&#8217;impact de mes cr\u00e9ations.<\/p>\n","protected":false},"author":1,"featured_media":0,"parent":0,"menu_order":0,"comment_status":"closed","ping_status":"closed","template":"","meta":{"footnotes":""},"class_list":["post-254","page","type-page","status-publish","hentry"],"_links":{"self":[{"href":"https:\/\/alinebendjeriou.fr\/index.php\/wp-json\/wp\/v2\/pages\/254","targetHints":{"allow":["GET"]}}],"collection":[{"href":"https:\/\/alinebendjeriou.fr\/index.php\/wp-json\/wp\/v2\/pages"}],"about":[{"href":"https:\/\/alinebendjeriou.fr\/index.php\/wp-json\/wp\/v2\/types\/page"}],"author":[{"embeddable":true,"href":"https:\/\/alinebendjeriou.fr\/index.php\/wp-json\/wp\/v2\/users\/1"}],"replies":[{"embeddable":true,"href":"https:\/\/alinebendjeriou.fr\/index.php\/wp-json\/wp\/v2\/comments?post=254"}],"version-history":[{"count":8,"href":"https:\/\/alinebendjeriou.fr\/index.php\/wp-json\/wp\/v2\/pages\/254\/revisions"}],"predecessor-version":[{"id":582,"href":"https:\/\/alinebendjeriou.fr\/index.php\/wp-json\/wp\/v2\/pages\/254\/revisions\/582"}],"wp:attachment":[{"href":"https:\/\/alinebendjeriou.fr\/index.php\/wp-json\/wp\/v2\/media?parent=254"}],"curies":[{"name":"wp","href":"https:\/\/api.w.org\/{rel}","templated":true}]}}