{"id":259,"date":"2024-09-03T20:20:54","date_gmt":"2024-09-03T18:20:54","guid":{"rendered":"https:\/\/alinebendjeriou.fr\/?page_id=259"},"modified":"2024-11-22T11:05:07","modified_gmt":"2024-11-22T10:05:07","slug":"logos","status":"publish","type":"page","link":"https:\/\/alinebendjeriou.fr\/index.php\/logos\/","title":{"rendered":"Logos"},"content":{"rendered":"\t\t<div data-elementor-type=\"wp-page\" data-elementor-id=\"259\" class=\"elementor elementor-259\">\n\t\t\t\t<div class=\"elementor-element elementor-element-3cd6d12 e-con-full e-flex wpr-particle-no wpr-jarallax-no wpr-parallax-no wpr-sticky-section-no e-con e-parent\" data-id=\"3cd6d12\" data-element_type=\"container\" data-settings=\"{&quot;background_background&quot;:&quot;gradient&quot;}\">\n\t\t\t\t<div class=\"elementor-element elementor-element-2218d72 animated-slow elementor-invisible elementor-widget elementor-widget-text-editor\" data-id=\"2218d72\" data-element_type=\"widget\" data-settings=\"{&quot;_animation&quot;:&quot;fadeInUp&quot;}\" data-widget_type=\"text-editor.default\">\n\t\t\t\t<div class=\"elementor-widget-container\">\n\t\t\t\t\t\t\t\t\t<h5><mark class=\"has-inline-color has-black-color\" style=\"background-color: rgba(0, 0, 0, 0);\">Je suis fi\u00e8re de vous pr\u00e9senter mes logos que j&#8217;ai pu r\u00e9aliser au cours de ma formation et de mon stage.<\/mark><\/h5>\n<h6>Chaque r\u00e9alisation a \u00e9t\u00e9 un r\u00e9el plaisir a le cr\u00e9er.<\/h6>\n<div>\u00a0<\/div>\n<p><!-- \/wp:paragraph --><!-- wp:paragraph --><\/p>\n<p><!-- \/wp:paragraph --><\/p>\t\t\t\t\t\t\t\t<\/div>\n\t\t\t\t<\/div>\n\t\t\t\t<\/div>\n\t\t<div class=\"elementor-element elementor-element-774b178 e-flex e-con-boxed wpr-particle-no wpr-jarallax-no wpr-parallax-no wpr-sticky-section-no e-con e-parent\" data-id=\"774b178\" data-element_type=\"container\">\n\t\t\t\t\t<div class=\"e-con-inner\">\n\t\t<div class=\"elementor-element elementor-element-74b8d04 e-con-full e-flex wpr-particle-no wpr-jarallax-no wpr-parallax-no wpr-sticky-section-no e-con e-child\" data-id=\"74b8d04\" data-element_type=\"container\">\n\t\t\t\t<div class=\"elementor-element elementor-element-23de0e6 elementor-widget elementor-widget-heading\" data-id=\"23de0e6\" data-element_type=\"widget\" data-widget_type=\"heading.default\">\n\t\t\t\t<div class=\"elementor-widget-container\">\n\t\t\t\t\t<h2 class=\"elementor-heading-title elementor-size-default\">Logo Natur\u00e9a effectu\u00e9 en TP Illustrator pour une marque de produits cosm\u00e9tique bio<\/h2>\t\t\t\t<\/div>\n\t\t\t\t<\/div>\n\t\t\t\t<div class=\"elementor-element elementor-element-bb97b45 elementor-widget elementor-widget-image\" data-id=\"bb97b45\" data-element_type=\"widget\" data-widget_type=\"image.default\">\n\t\t\t\t<div class=\"elementor-widget-container\">\n\t\t\t\t\t\t\t\t\t\t\t\t\t\t\t<img fetchpriority=\"high\" decoding=\"async\" width=\"724\" height=\"1024\" src=\"https:\/\/alinebendjeriou.fr\/wp-content\/uploads\/2024\/11\/logo-final-Naturea-724x1024.webp\" class=\"attachment-large size-large wp-image-634\" alt=\"\" srcset=\"https:\/\/alinebendjeriou.fr\/wp-content\/uploads\/2024\/11\/logo-final-Naturea-724x1024.webp 724w, https:\/\/alinebendjeriou.fr\/wp-content\/uploads\/2024\/11\/logo-final-Naturea-212x300.webp 212w, https:\/\/alinebendjeriou.fr\/wp-content\/uploads\/2024\/11\/logo-final-Naturea-768x1086.webp 768w, https:\/\/alinebendjeriou.fr\/wp-content\/uploads\/2024\/11\/logo-final-Naturea-1086x1536.webp 1086w, https:\/\/alinebendjeriou.fr\/wp-content\/uploads\/2024\/11\/logo-final-Naturea.webp 1190w\" sizes=\"(max-width: 724px) 100vw, 724px\" \/>\t\t\t\t\t\t\t\t\t\t\t\t\t\t\t<\/div>\n\t\t\t\t<\/div>\n\t\t\t\t<\/div>\n\t\t<div class=\"elementor-element elementor-element-ce165be e-con-full e-flex wpr-particle-no wpr-jarallax-no wpr-parallax-no wpr-sticky-section-no e-con e-child\" data-id=\"ce165be\" data-element_type=\"container\">\n\t\t\t\t<\/div>\n\t\t<div class=\"elementor-element elementor-element-fcaf962 e-con-full e-flex wpr-particle-no wpr-jarallax-no wpr-parallax-no wpr-sticky-section-no e-con e-child\" data-id=\"fcaf962\" data-element_type=\"container\">\n\t\t\t\t<\/div>\n\t\t<div class=\"elementor-element elementor-element-ba0be6b e-con-full e-flex wpr-particle-no wpr-jarallax-no wpr-parallax-no wpr-sticky-section-no e-con e-child\" data-id=\"ba0be6b\" data-element_type=\"container\">\n\t\t\t\t<\/div>\n\t\t<div class=\"elementor-element elementor-element-e7ba6d2 e-con-full e-flex wpr-particle-no wpr-jarallax-no wpr-parallax-no wpr-sticky-section-no e-con e-child\" data-id=\"e7ba6d2\" data-element_type=\"container\">\n\t\t\t\t<\/div>\n\t\t\t\t\t<\/div>\n\t\t\t\t<\/div>\n\t\t<div class=\"elementor-element elementor-element-4d4cb99 e-flex e-con-boxed wpr-particle-no wpr-jarallax-no wpr-parallax-no wpr-sticky-section-no e-con e-parent\" data-id=\"4d4cb99\" data-element_type=\"container\">\n\t\t\t\t\t<div class=\"e-con-inner\">\n\t\t\t\t\t<\/div>\n\t\t\t\t<\/div>\n\t\t<div class=\"elementor-element elementor-element-99faedf e-flex e-con-boxed wpr-particle-no wpr-jarallax-no wpr-parallax-no wpr-sticky-section-no e-con e-parent\" data-id=\"99faedf\" data-element_type=\"container\">\n\t\t\t\t\t<div class=\"e-con-inner\">\n\t\t\t\t\t<\/div>\n\t\t\t\t<\/div>\n\t\t\t\t<\/div>\n\t\t","protected":false},"excerpt":{"rendered":"<p>Je suis fi\u00e8re de vous pr\u00e9senter mes logos que j&#8217;ai pu r\u00e9aliser au cours de ma formation et de mon stage. Chaque r\u00e9alisation a \u00e9t\u00e9 un r\u00e9el plaisir a le cr\u00e9er. \u00a0 Logo Natur\u00e9a effectu\u00e9 en TP Illustrator pour une marque de produits cosm\u00e9tique bio<\/p>\n","protected":false},"author":1,"featured_media":0,"parent":0,"menu_order":0,"comment_status":"closed","ping_status":"closed","template":"","meta":{"footnotes":""},"class_list":["post-259","page","type-page","status-publish","hentry"],"_links":{"self":[{"href":"https:\/\/alinebendjeriou.fr\/index.php\/wp-json\/wp\/v2\/pages\/259","targetHints":{"allow":["GET"]}}],"collection":[{"href":"https:\/\/alinebendjeriou.fr\/index.php\/wp-json\/wp\/v2\/pages"}],"about":[{"href":"https:\/\/alinebendjeriou.fr\/index.php\/wp-json\/wp\/v2\/types\/page"}],"author":[{"embeddable":true,"href":"https:\/\/alinebendjeriou.fr\/index.php\/wp-json\/wp\/v2\/users\/1"}],"replies":[{"embeddable":true,"href":"https:\/\/alinebendjeriou.fr\/index.php\/wp-json\/wp\/v2\/comments?post=259"}],"version-history":[{"count":67,"href":"https:\/\/alinebendjeriou.fr\/index.php\/wp-json\/wp\/v2\/pages\/259\/revisions"}],"predecessor-version":[{"id":666,"href":"https:\/\/alinebendjeriou.fr\/index.php\/wp-json\/wp\/v2\/pages\/259\/revisions\/666"}],"wp:attachment":[{"href":"https:\/\/alinebendjeriou.fr\/index.php\/wp-json\/wp\/v2\/media?parent=259"}],"curies":[{"name":"wp","href":"https:\/\/api.w.org\/{rel}","templated":true}]}}