{"id":344,"date":"2024-09-05T13:00:02","date_gmt":"2024-09-05T11:00:02","guid":{"rendered":"https:\/\/alinebendjeriou.fr\/?page_id=344"},"modified":"2024-09-23T15:02:47","modified_gmt":"2024-09-23T13:02:47","slug":"accueil","status":"publish","type":"page","link":"https:\/\/alinebendjeriou.fr\/index.php\/accueil\/","title":{"rendered":"Accueil"},"content":{"rendered":"\t\t<div data-elementor-type=\"wp-page\" data-elementor-id=\"344\" class=\"elementor elementor-344\">\n\t\t\t\t<div class=\"elementor-element elementor-element-4f836d6b e-flex e-con-boxed wpr-particle-no wpr-jarallax-no wpr-parallax-no wpr-sticky-section-no e-con e-parent\" data-id=\"4f836d6b\" data-element_type=\"container\">\n\t\t\t\t\t<div class=\"e-con-inner\">\n\t\t\t\t\t<\/div>\n\t\t\t\t<\/div>\n\t\t<div class=\"elementor-element elementor-element-39e3847 e-flex e-con-boxed wpr-particle-no wpr-jarallax-no wpr-parallax-no wpr-sticky-section-no e-con e-parent\" data-id=\"39e3847\" data-element_type=\"container\">\n\t\t\t\t\t<div class=\"e-con-inner\">\n\t\t<div class=\"elementor-element elementor-element-618b212 e-con-full e-flex wpr-particle-no wpr-jarallax-no wpr-parallax-no wpr-sticky-section-no e-con e-child\" data-id=\"618b212\" data-element_type=\"container\">\n\t\t\t\t<div class=\"elementor-element elementor-element-cc41deb e-transform e-transform elementor-widget elementor-widget-image\" data-id=\"cc41deb\" data-element_type=\"widget\" data-settings=\"{&quot;_transform_translateX_effect&quot;:{&quot;unit&quot;:&quot;px&quot;,&quot;size&quot;:0,&quot;sizes&quot;:[]},&quot;_transform_rotateZ_effect&quot;:{&quot;unit&quot;:&quot;px&quot;,&quot;size&quot;:&quot;&quot;,&quot;sizes&quot;:[]},&quot;_transform_rotateZ_effect_tablet&quot;:{&quot;unit&quot;:&quot;deg&quot;,&quot;size&quot;:&quot;&quot;,&quot;sizes&quot;:[]},&quot;_transform_rotateZ_effect_mobile&quot;:{&quot;unit&quot;:&quot;deg&quot;,&quot;size&quot;:&quot;&quot;,&quot;sizes&quot;:[]},&quot;_transform_translateX_effect_tablet&quot;:{&quot;unit&quot;:&quot;px&quot;,&quot;size&quot;:&quot;&quot;,&quot;sizes&quot;:[]},&quot;_transform_translateX_effect_mobile&quot;:{&quot;unit&quot;:&quot;px&quot;,&quot;size&quot;:&quot;&quot;,&quot;sizes&quot;:[]},&quot;_transform_translateY_effect&quot;:{&quot;unit&quot;:&quot;px&quot;,&quot;size&quot;:&quot;&quot;,&quot;sizes&quot;:[]},&quot;_transform_translateY_effect_tablet&quot;:{&quot;unit&quot;:&quot;px&quot;,&quot;size&quot;:&quot;&quot;,&quot;sizes&quot;:[]},&quot;_transform_translateY_effect_mobile&quot;:{&quot;unit&quot;:&quot;px&quot;,&quot;size&quot;:&quot;&quot;,&quot;sizes&quot;:[]}}\" data-widget_type=\"image.default\">\n\t\t\t\t<div class=\"elementor-widget-container\">\n\t\t\t\t\t\t\t\t\t\t\t\t\t\t\t<img fetchpriority=\"high\" decoding=\"async\" width=\"400\" height=\"400\" src=\"https:\/\/alinebendjeriou.fr\/wp-content\/uploads\/2024\/09\/Brown-and-White-Twitter-Profile-Picture_20240617_222127_0000.png\" class=\"attachment-large size-large wp-image-225\" alt=\"\" srcset=\"https:\/\/alinebendjeriou.fr\/wp-content\/uploads\/2024\/09\/Brown-and-White-Twitter-Profile-Picture_20240617_222127_0000.png 400w, https:\/\/alinebendjeriou.fr\/wp-content\/uploads\/2024\/09\/Brown-and-White-Twitter-Profile-Picture_20240617_222127_0000-300x300.png 300w, https:\/\/alinebendjeriou.fr\/wp-content\/uploads\/2024\/09\/Brown-and-White-Twitter-Profile-Picture_20240617_222127_0000-150x150.png 150w, https:\/\/alinebendjeriou.fr\/wp-content\/uploads\/2024\/09\/Brown-and-White-Twitter-Profile-Picture_20240617_222127_0000-100x100.png 100w\" sizes=\"(max-width: 400px) 100vw, 400px\" \/>\t\t\t\t\t\t\t\t\t\t\t\t\t\t\t<\/div>\n\t\t\t\t<\/div>\n\t\t\t\t<\/div>\n\t\t<div class=\"elementor-element elementor-element-55d8a28 e-con-full e-flex wpr-particle-no wpr-jarallax-no wpr-parallax-no wpr-sticky-section-no e-con e-child\" data-id=\"55d8a28\" data-element_type=\"container\">\n\t\t\t\t<div class=\"elementor-element elementor-element-2c8150e1 elementor-absolute elementor-widget elementor-widget-text-editor\" data-id=\"2c8150e1\" data-element_type=\"widget\" data-settings=\"{&quot;_position&quot;:&quot;absolute&quot;}\" data-widget_type=\"text-editor.default\">\n\t\t\t\t<div class=\"elementor-widget-container\">\n\t\t\t\t\t\t\t\t\t\n<p><\/p>\n\n\n\n<p style=\"font-style:italic;font-weight:600\">Bienvenue sur mon Site portfolio, un espace d\u00e9di\u00e9 \u00e0 la cr\u00e9ation graphique ou l&#8217;innovation et l&#8217;esth\u00e9tisme se rencontrent.<\/p>\n\n\n\n<p style=\"font-style:italic;font-weight:600\">En tant que graphiste passionn\u00e9e, je con\u00e7ois des identit\u00e9s visuelles uniques, des designs modernes et des exp\u00e9riences cr\u00e9atives pour mes clients.<\/p>\n\n\n\n<p style=\"font-style:italic;font-weight:600\"><\/p>\n\n\n\n<p style=\"font-style:italic;font-weight:600\">Vous trouverez ici une s\u00e9lection de mes projets, allant de la cr\u00e9ation de logo et d&#8217;identit\u00e9s visuelles \u00e0 la conception de mises en pages num\u00e9riques.<\/p>\n\n\n\n<p style=\"font-style:italic;font-weight:600\"><\/p>\n\n\n\n<p style=\"font-style:italic;font-weight:600\">Chaque projet est le fruit d&#8217;une collaboration attentive et d&#8217;un processus cr\u00e9atif r\u00e9fl\u00e9chi, avec pour objectif de transformer vos id\u00e9es en visuels percutant et m\u00e9morables.<\/p>\n\n\n\n<p style=\"font-style:italic;font-weight:600\"><\/p>\n\n\n\n<p style=\"font-style:italic;font-weight:600\">Parcourez mon travail, et n&#8217;h\u00e9sitez pas \u00e0 me contacter pour discuter de vos projets futurs. Ensemble, donnons vie \u00e0 votre vision \u00e0 travers le design.<\/p>\n\n\n\n<p style=\"font-style:italic;font-weight:500\"><\/p>\n\n\n\n<p><\/p>\n\t\t\t\t\t\t\t\t<\/div>\n\t\t\t\t<\/div>\n\t\t\t\t<\/div>\n\t\t\t\t\t<\/div>\n\t\t\t\t<\/div>\n\t\t<div class=\"elementor-element elementor-element-3960e84 e-flex e-con-boxed wpr-particle-no wpr-jarallax-no wpr-parallax-no wpr-sticky-section-no e-con e-parent\" data-id=\"3960e84\" data-element_type=\"container\">\n\t\t\t\t\t<div class=\"e-con-inner\">\n\t\t\t\t\t<\/div>\n\t\t\t\t<\/div>\n\t\t\t\t<\/div>\n\t\t","protected":false},"excerpt":{"rendered":"<p>Bienvenue sur mon Site portfolio, un espace d\u00e9di\u00e9 \u00e0 la cr\u00e9ation graphique ou l&#8217;innovation et l&#8217;esth\u00e9tisme se rencontrent. En tant que graphiste passionn\u00e9e, je con\u00e7ois des identit\u00e9s visuelles uniques, des designs modernes et des exp\u00e9riences cr\u00e9atives pour mes clients. Vous trouverez ici une s\u00e9lection de mes projets, allant de la cr\u00e9ation de logo et d&#8217;identit\u00e9s visuelles \u00e0 la conception de mises en pages num\u00e9riques. Chaque projet est le fruit d&#8217;une collaboration attentive et d&#8217;un processus cr\u00e9atif r\u00e9fl\u00e9chi, avec pour objectif de transformer vos id\u00e9es en visuels percutant et m\u00e9morables. Parcourez mon travail, et n&#8217;h\u00e9sitez pas \u00e0 me contacter pour discuter de vos projets futurs. Ensemble, donnons vie \u00e0 votre vision \u00e0 travers le design.<\/p>\n","protected":false},"author":1,"featured_media":0,"parent":0,"menu_order":0,"comment_status":"closed","ping_status":"closed","template":"","meta":{"footnotes":""},"class_list":["post-344","page","type-page","status-publish","hentry"],"_links":{"self":[{"href":"https:\/\/alinebendjeriou.fr\/index.php\/wp-json\/wp\/v2\/pages\/344","targetHints":{"allow":["GET"]}}],"collection":[{"href":"https:\/\/alinebendjeriou.fr\/index.php\/wp-json\/wp\/v2\/pages"}],"about":[{"href":"https:\/\/alinebendjeriou.fr\/index.php\/wp-json\/wp\/v2\/types\/page"}],"author":[{"embeddable":true,"href":"https:\/\/alinebendjeriou.fr\/index.php\/wp-json\/wp\/v2\/users\/1"}],"replies":[{"embeddable":true,"href":"https:\/\/alinebendjeriou.fr\/index.php\/wp-json\/wp\/v2\/comments?post=344"}],"version-history":[{"count":22,"href":"https:\/\/alinebendjeriou.fr\/index.php\/wp-json\/wp\/v2\/pages\/344\/revisions"}],"predecessor-version":[{"id":467,"href":"https:\/\/alinebendjeriou.fr\/index.php\/wp-json\/wp\/v2\/pages\/344\/revisions\/467"}],"wp:attachment":[{"href":"https:\/\/alinebendjeriou.fr\/index.php\/wp-json\/wp\/v2\/media?parent=344"}],"curies":[{"name":"wp","href":"https:\/\/api.w.org\/{rel}","templated":true}]}}